{"id":200,"date":"2020-03-23T08:40:17","date_gmt":"2020-03-23T08:40:17","guid":{"rendered":"http:\/\/vubique.com\/?page_id=200"},"modified":"2022-08-28T09:15:35","modified_gmt":"2022-08-28T09:15:35","slug":"homepage","status":"publish","type":"page","link":"https:\/\/vubique.com\/","title":{"rendered":"Homepage"},"content":{"rendered":"<p>[et_pb_section fb_built=\u00a0\u00bb1&Prime; fullwidth=\u00a0\u00bbon\u00a0\u00bb disabled_on=\u00a0\u00bboff|off|off\u00a0\u00bb admin_label=\u00a0\u00bbHeader\u00a0\u00bb module_id=\u00a0\u00bbAccueil\u00a0\u00bb _builder_version=\u00a0\u00bb4.2.2&Prime; background_enable_color=\u00a0\u00bboff\u00a0\u00bb parallax=\u00a0\u00bbon\u00a0\u00bb max_width=\u00a0\u00bb1700px\u00a0\u00bb module_alignment=\u00a0\u00bbcenter\u00a0\u00bb custom_padding=\u00a0\u00bb|||\u00a0\u00bb transparent_background=\u00a0\u00bbon\u00a0\u00bb][et_pb_fullwidth_header title=\u00a0\u00bbvotre nouvel alli\u00e9 au quotidien.\u00a0\u00bb text_orientation=\u00a0\u00bbcenter\u00a0\u00bb background_overlay_color=\u00a0\u00bbrgba(31,31,31,0.24)\u00a0\u00bb subhead_font_color=\u00a0\u00bb#bebebe\u00a0\u00bb _builder_version=\u00a0\u00bb4.2.2&Prime; title_font=\u00a0\u00bb|300|||||||\u00a0\u00bb title_text_color=\u00a0\u00bb#ffffff\u00a0\u00bb title_font_size=\u00a0\u00bb72px\u00a0\u00bb title_line_height=\u00a0\u00bb1.3em\u00a0\u00bb content_font=\u00a0\u00bbMontserrat||||\u00a0\u00bb content_text_color=\u00a0\u00bb#bfbfbf\u00a0\u00bb content_font_size=\u00a0\u00bb19px\u00a0\u00bb content_line_height=\u00a0\u00bb1.8em\u00a0\u00bb subhead_font=\u00a0\u00bbMontserrat||||\u00a0\u00bb subhead_text_color=\u00a0\u00bb#bebebe\u00a0\u00bb subhead_line_height=\u00a0\u00bb1.8em\u00a0\u00bb background_color=\u00a0\u00bbrgba(255, 255, 255, 0)\u00a0\u00bb background_image=\u00a0\u00bbhttps:\/\/vubique.com\/wp-content\/uploads\/2020\/03\/VUBIQUE.jpg\u00a0\u00bb parallax=\u00a0\u00bbon\u00a0\u00bb parallax_method=\u00a0\u00bbon\u00a0\u00bb custom_button_one=\u00a0\u00bbon\u00a0\u00bb button_one_text_size=\u00a0\u00bb15px\u00a0\u00bb button_one_text_color=\u00a0\u00bb#ffffff\u00a0\u00bb button_one_border_width=\u00a0\u00bb2px\u00a0\u00bb button_one_border_color=\u00a0\u00bb#ffffff\u00a0\u00bb button_one_border_radius=\u00a0\u00bb0px\u00a0\u00bb button_one_letter_spacing=\u00a0\u00bb1px\u00a0\u00bb button_one_font=\u00a0\u00bbMontserrat|||on|\u00a0\u00bb button_one_use_icon=\u00a0\u00bboff\u00a0\u00bb custom_button_two=\u00a0\u00bbon\u00a0\u00bb button_two_text_size=\u00a0\u00bb15px\u00a0\u00bb button_two_text_color=\u00a0\u00bb#ffffff\u00a0\u00bb button_two_bg_color=\u00a0\u00bb#c39d63&Prime; button_two_border_width=\u00a0\u00bb2px\u00a0\u00bb button_two_border_color=\u00a0\u00bb#c39d63&Prime; button_two_border_radius=\u00a0\u00bb0px\u00a0\u00bb button_two_letter_spacing=\u00a0\u00bb1px\u00a0\u00bb button_two_font=\u00a0\u00bbMontserrat|||on|\u00a0\u00bb button_two_use_icon=\u00a0\u00bboff\u00a0\u00bb max_width_tablet=\u00a0\u00bb50px\u00a0\u00bb module_alignment=\u00a0\u00bbcenter\u00a0\u00bb custom_margin=\u00a0\u00bb|||\u00a0\u00bb custom_padding=\u00a0\u00bb15%||5%||false|false\u00a0\u00bb animation_style=\u00a0\u00bbzoom\u00a0\u00bb animation_duration=\u00a0\u00bb1500ms\u00a0\u00bb animation_intensity_zoom=\u00a0\u00bb4%\u00a0\u00bb title_line_height_last_edited=\u00a0\u00bboff|desktop\u00a0\u00bb button_one_border_radius_hover=\u00a0\u00bb0px\u00a0\u00bb button_one_letter_spacing_hover=\u00a0\u00bb1px\u00a0\u00bb button_two_letter_spacing_hover=\u00a0\u00bb1px\u00a0\u00bb button_one_text_size__hover_enabled=\u00a0\u00bboff\u00a0\u00bb button_two_text_size__hover_enabled=\u00a0\u00bboff\u00a0\u00bb button_one_text_color__hover_enabled=\u00a0\u00bboff\u00a0\u00bb button_two_text_color__hover_enabled=\u00a0\u00bboff\u00a0\u00bb button_one_border_width__hover_enabled=\u00a0\u00bboff\u00a0\u00bb button_two_border_width__hover_enabled=\u00a0\u00bboff\u00a0\u00bb button_one_border_color__hover_enabled=\u00a0\u00bboff\u00a0\u00bb button_two_border_color__hover_enabled=\u00a0\u00bboff\u00a0\u00bb button_one_border_radius__hover_enabled=\u00a0\u00bbon\u00a0\u00bb button_one_border_radius__hover=\u00a0\u00bb0px\u00a0\u00bb button_two_border_radius__hover_enabled=\u00a0\u00bboff\u00a0\u00bb button_one_letter_spacing__hover_enabled=\u00a0\u00bbon\u00a0\u00bb button_one_letter_spacing__hover=\u00a0\u00bb1px\u00a0\u00bb button_two_letter_spacing__hover_enabled=\u00a0\u00bbon\u00a0\u00bb button_two_letter_spacing__hover=\u00a0\u00bb1px\u00a0\u00bb button_one_bg_color__hover_enabled=\u00a0\u00bboff\u00a0\u00bb button_two_bg_color__hover_enabled=\u00a0\u00bboff\u00a0\u00bb]<\/p>\n<p>&nbsp;<\/p>\n<p>&nbsp;<\/p>\n<p>&nbsp;<\/p>\n<p>[\/et_pb_fullwidth_header][\/et_pb_section][et_pb_section fb_built=\u00a0\u00bb1&Prime; _builder_version=\u00a0\u00bb4.2.2&Prime;][et_pb_row _builder_version=\u00a0\u00bb4.2.2&Prime; background_color=\u00a0\u00bb#ffffff\u00a0\u00bb][et_pb_column type=\u00a0\u00bb4_4&Prime; _builder_version=\u00a0\u00bb4.2.2&Prime;][et_pb_image src=\u00a0\u00bbhttps:\/\/vubique.com\/wp-content\/uploads\/2022\/06\/\u4e9a\u5386\u5c71\u5927-\u52d2\u4f69\u5947-ALEXANDRE-LEPAGE.png\u00a0\u00bb _builder_version=\u00a0\u00bb4.2.2&Prime;][\/et_pb_image][et_pb_image src=\u00a0\u00bbhttps:\/\/vubique.com\/wp-content\/uploads\/2022\/06\/ELEMENTA-\u516c\u53f8-\u603b\u88c1-Laurent-Depelley-\u6d1b\u6717-\u5fb7\u4f69\u83b1-\u5148\u751f-PYLOPASS-\u6cd5\u56fd-\u603b\u4ee3\u7406.png\u00a0\u00bb _builder_version=\u00a0\u00bb4.2.2&Prime;][\/et_pb_image][et_pb_image src=\u00a0\u00bbhttps:\/\/vubique.com\/wp-content\/uploads\/2022\/06\/Nicolas-JOLIVEL-\u5382\u5bb6.png\u00a0\u00bb _builder_version=\u00a0\u00bb4.2.2&Prime;][\/et_pb_image][\/et_pb_column][\/et_pb_row][\/et_pb_section][et_pb_section fb_built=\u00a0\u00bb1&Prime; admin_label=\u00a0\u00bbNOS PRODUITS\u00a0\u00bb module_id=\u00a0\u00bbNOS-PRODUITS\u00a0\u00bb _builder_version=\u00a0\u00bb4.2.2&Prime; background_enable_color=\u00a0\u00bboff\u00a0\u00bb background_position=\u00a0\u00bbtop_left\u00a0\u00bb background_blend=\u00a0\u00bbmultiply\u00a0\u00bb custom_padding=\u00a0\u00bb0px|0px|0px|0px\u00a0\u00bb][et_pb_row _builder_version=\u00a0\u00bb4.2.2&Prime; custom_margin=\u00a0\u00bb50px||50px||false|false\u00a0\u00bb custom_padding=\u00a0\u00bb||||false|false\u00a0\u00bb][et_pb_column type=\u00a0\u00bb4_4&Prime; _builder_version=\u00a0\u00bb4.2.2&Prime;][et_pb_text admin_label=\u00a0\u00bbText\u00a0\u00bb _builder_version=\u00a0\u00bb4.2.2&Prime; text_font=\u00a0\u00bb|300|||||||\u00a0\u00bb text_font_size=\u00a0\u00bb18px\u00a0\u00bb header_2_text_align=\u00a0\u00bbcenter\u00a0\u00bb header_2_font_size=\u00a0\u00bb40px\u00a0\u00bb header_2_line_height=\u00a0\u00bb1.5em\u00a0\u00bb text_orientation=\u00a0\u00bbcenter\u00a0\u00bb]<\/p>\n<h2>NOS PRODUITS<\/h2>\n<p>[\/et_pb_text][\/et_pb_column][\/et_pb_row][et_pb_row column_structure=\u00a0\u00bb1_4,1_4,1_4,1_4&Prime; use_custom_gutter=\u00a0\u00bbon\u00a0\u00bb gutter_width=\u00a0\u00bb1&Prime; make_equal=\u00a0\u00bbon\u00a0\u00bb _builder_version=\u00a0\u00bb4.2.2&Prime; background_color=\u00a0\u00bb#f1f1f1&Prime; background_size=\u00a0\u00bbinitial\u00a0\u00bb background_position=\u00a0\u00bbtop_left\u00a0\u00bb background_repeat=\u00a0\u00bbrepeat\u00a0\u00bb width=\u00a0\u00bb100%\u00a0\u00bb max_width=\u00a0\u00bb2560px\u00a0\u00bb custom_padding=\u00a0\u00bb0px|0px|0px|0px\u00a0\u00bb animation_style=\u00a0\u00bbfade\u00a0\u00bb animation_direction=\u00a0\u00bbtop\u00a0\u00bb custom_width_px=\u00a0\u00bb1280px\u00a0\u00bb][et_pb_column type=\u00a0\u00bb1_4&Prime; _builder_version=\u00a0\u00bb3.25&Prime; background_color=\u00a0\u00bb#ffffff\u00a0\u00bb custom_padding=\u00a0\u00bb48px|24px|48px|24px\u00a0\u00bb custom_padding__hover=\u00a0\u00bb|||\u00a0\u00bb][et_pb_image src=\u00a0\u00bbhttps:\/\/vubique.com\/wp-content\/uploads\/2022\/03\/30G.jpg\u00a0\u00bb _builder_version=\u00a0\u00bb4.2.2&Prime; custom_padding=\u00a0\u00bb|||159px||\u00a0\u00bb][\/et_pb_image][\/et_pb_column][et_pb_column type=\u00a0\u00bb1_4&Prime; _builder_version=\u00a0\u00bb4.2.2&Prime; background_color=\u00a0\u00bb#f1f1f1&Prime; background_enable_image=\u00a0\u00bboff\u00a0\u00bb custom_padding=\u00a0\u00bb48px|24px|48px|24px\u00a0\u00bb custom_css_main_element=\u00a0\u00bbdisplay: flex;||flex-direction: column;||justify-content: center;\u00a0\u00bb custom_padding__hover=\u00a0\u00bb|||\u00a0\u00bb][et_pb_text _builder_version=\u00a0\u00bb4.2.2&Prime; text_font=\u00a0\u00bb|300|||||||\u00a0\u00bb text_text_color=\u00a0\u00bb#000000&Prime; text_font_size=\u00a0\u00bb15px\u00a0\u00bb text_line_height=\u00a0\u00bb2em\u00a0\u00bb header_text_align=\u00a0\u00bbcenter\u00a0\u00bb header_font_size=\u00a0\u00bb22px\u00a0\u00bb header_line_height=\u00a0\u00bb2em\u00a0\u00bb header_3_text_align=\u00a0\u00bbcenter\u00a0\u00bb header_3_line_height=\u00a0\u00bb1.5em\u00a0\u00bb background_color=\u00a0\u00bb#f1f1f1&Prime; background_size=\u00a0\u00bbinitial\u00a0\u00bb background_position=\u00a0\u00bbtop_left\u00a0\u00bb background_repeat=\u00a0\u00bbrepeat\u00a0\u00bb text_orientation=\u00a0\u00bbcenter\u00a0\u00bb width=\u00a0\u00bb100%\u00a0\u00bb module_alignment=\u00a0\u00bbcenter\u00a0\u00bb custom_margin=\u00a0\u00bb||||false|false\u00a0\u00bb custom_padding=\u00a0\u00bb2px|80px|1px|80px|false|false\u00a0\u00bb animation_style=\u00a0\u00bbslide\u00a0\u00bb animation_direction=\u00a0\u00bbbottom\u00a0\u00bb animation_intensity_slide=\u00a0\u00bb10%\u00a0\u00bb inline_fonts=\u00a0\u00bbTimes New Roman,Georgia\u00a0\u00bb]<\/p>\n<h1><span style=\"font-size: x-large;\"><strong><span style=\"text-decoration: underline;\"><span style=\"font-family: inherit;\">VUBIQUE 30 G\u00c9LULES<\/span><\/span><\/strong><\/span><\/h1>\n<h3><span style=\"font-family: 'Times New Roman'; font-weight: normal; font-size: large;\">Traitement de 30 jours:<\/span><\/h3>\n<h3><span style=\"font-family: 'Times New Roman'; font-weight: normal; font-size: large;\">pour pr\u00e9venir la contamination de<\/span><\/h3>\n<h3><span style=\"font-family: 'Times New Roman'; font-weight: normal; font-size: large;\"> Helicobacter Pylori dans l&rsquo;estomac.<\/span><\/h3>\n<p>&nbsp;<\/p>\n<h1 style=\"text-align: center;\"><span style=\"font-size: large;\"><strong><span style=\"font-family: Georgia;\">PRIX:\u00a0 50 \u20ac<\/span><\/strong><\/span><\/h1>\n<p>[\/et_pb_text][\/et_pb_column][et_pb_column type=\u00a0\u00bb1_4&Prime; _builder_version=\u00a0\u00bb4.2.2&Prime; background_color=\u00a0\u00bb#ffffff\u00a0\u00bb custom_padding=\u00a0\u00bb48px|24px|48px|24px\u00a0\u00bb custom_padding__hover=\u00a0\u00bb|||\u00a0\u00bb][et_pb_image src=\u00a0\u00bbhttps:\/\/vubique.com\/wp-content\/uploads\/2022\/03\/90G-OK.png\u00a0\u00bb _builder_version=\u00a0\u00bb4.2.2&Prime;][\/et_pb_image][\/et_pb_column][et_pb_column type=\u00a0\u00bb1_4&Prime; _builder_version=\u00a0\u00bb4.2.2&Prime; background_color=\u00a0\u00bb#f1f1f1&Prime; custom_padding=\u00a0\u00bb48px|24px|48px|24px\u00a0\u00bb custom_css_main_element=\u00a0\u00bbdisplay: flex;||flex-direction: column;||justify-content: center;\u00a0\u00bb custom_padding__hover=\u00a0\u00bb|||\u00a0\u00bb][et_pb_text _builder_version=\u00a0\u00bb4.2.2&Prime; text_font=\u00a0\u00bb|300|||||||\u00a0\u00bb text_text_color=\u00a0\u00bb#000000&Prime; text_font_size=\u00a0\u00bb15px\u00a0\u00bb text_line_height=\u00a0\u00bb2em\u00a0\u00bb header_text_align=\u00a0\u00bbcenter\u00a0\u00bb header_font_size=\u00a0\u00bb22px\u00a0\u00bb header_line_height=\u00a0\u00bb2em\u00a0\u00bb header_3_text_align=\u00a0\u00bbcenter\u00a0\u00bb header_3_line_height=\u00a0\u00bb1.5em\u00a0\u00bb background_color=\u00a0\u00bb#f1f1f1&Prime; background_size=\u00a0\u00bbinitial\u00a0\u00bb background_position=\u00a0\u00bbtop_left\u00a0\u00bb background_repeat=\u00a0\u00bbrepeat\u00a0\u00bb text_orientation=\u00a0\u00bbcenter\u00a0\u00bb width=\u00a0\u00bb100%\u00a0\u00bb module_alignment=\u00a0\u00bbcenter\u00a0\u00bb custom_margin=\u00a0\u00bb||||false|false\u00a0\u00bb custom_padding=\u00a0\u00bb6px|80px||80px|false|false\u00a0\u00bb animation_style=\u00a0\u00bbslide\u00a0\u00bb animation_direction=\u00a0\u00bbbottom\u00a0\u00bb animation_intensity_slide=\u00a0\u00bb10%\u00a0\u00bb custom_css_main_element=\u00a0\u00bbdisplay: flex;||flex-direction: column;||justify-content: center;\u00a0\u00bb inline_fonts=\u00a0\u00bbTimes New Roman\u00a0\u00bb]<\/p>\n<h3><span style=\"text-decoration: underline; font-size: x-large;\"><strong><span style=\"font-family: 'Times New Roman';\">VUBIQUE 90 G\u00c9LULES<\/span><\/strong><\/span><\/h3>\n<h3><\/h3>\n<h1><span style=\"font-family: 'Times New Roman'; font-weight: normal; font-size: large;\">Traitement prolong\u00e9 de 90 jours:<\/span><br \/><span style=\"font-family: 'Times New Roman'; font-weight: normal; font-size: large;\">pour pr\u00e9venir la contamination de Helicobacter Pylori dans l&rsquo;estomac.<\/span><\/h1>\n<p><span style=\"font-family: 'Times New Roman'; font-weight: normal; font-size: large;\"><\/span><\/p>\n<p><span style=\"font-family: 'Times New Roman'; font-weight: normal; font-size: large;\"><\/span><\/p>\n<h2><strong><span style=\"font-family: 'Times New Roman';\">PRIX: 150\u20ac<\/span><\/strong><\/h2>\n<p>[\/et_pb_text][\/et_pb_column][\/et_pb_row][\/et_pb_section][et_pb_section fb_built=\u00a0\u00bb1&Prime; admin_label=\u00a0\u00bb\u00c0 PROPOS DE VUBIQUE\u00a0\u00bb module_id=\u00a0\u00bbVUBIQUE\u00a0\u00bb _builder_version=\u00a0\u00bb4.2.2&Prime; custom_padding=\u00a0\u00bb54px|0px|0px|0px\u00a0\u00bb][et_pb_row column_structure=\u00a0\u00bb1_5,3_5,1_5&Prime; _builder_version=\u00a0\u00bb4.2.2&Prime;][et_pb_column type=\u00a0\u00bb1_5&Prime; _builder_version=\u00a0\u00bb4.2.2&Prime;][\/et_pb_column][et_pb_column type=\u00a0\u00bb3_5&Prime; _builder_version=\u00a0\u00bb4.2.2&Prime;][et_pb_image src=\u00a0\u00bbhttps:\/\/vubique.com\/wp-content\/uploads\/2020\/04\/PNG-VUBIQUE-lOGO-OK.png\u00a0\u00bb _builder_version=\u00a0\u00bb4.2.2&Prime; width=\u00a0\u00bb34%\u00a0\u00bb max_width=\u00a0\u00bb31%\u00a0\u00bb module_alignment=\u00a0\u00bbcenter\u00a0\u00bb custom_margin=\u00a0\u00bb|||251px||\u00a0\u00bb][\/et_pb_image][et_pb_text admin_label=\u00a0\u00bbText\u00a0\u00bb _builder_version=\u00a0\u00bb4.2.2&Prime; text_font=\u00a0\u00bb|300|||||||\u00a0\u00bb text_font_size=\u00a0\u00bb18px\u00a0\u00bb header_2_text_align=\u00a0\u00bbcenter\u00a0\u00bb header_2_font_size=\u00a0\u00bb28px\u00a0\u00bb header_2_line_height=\u00a0\u00bb1.5em\u00a0\u00bb text_orientation=\u00a0\u00bbcenter\u00a0\u00bb]<\/p>\n<h2>\u200b\u00c0 PROPOS DE VUBIQUE\u2122<\/h2>\n<p>&nbsp;<\/p>\n<p>VUBIQUE est un compl\u00e9ment alimentaire sous forme de g\u00e9lule.\u00a0<\/p>\n<p style=\"text-align: left;\">VUBIQUE (sas UBERDECO):<\/p>\n<p style=\"text-align: left;\">Soci\u00e9t\u00e9 fran\u00e7aise de distribution des produits biotechnologie, dont le si\u00e8ge est en r\u00e9gion Parisienne (\u00e0 PARIS en France).\u00a0<\/p>\n<p style=\"text-align: left;\">Ax\u00e9e sur l&rsquo;exportation de compl\u00e9ments alimentaires qui \u00e9liminent l&rsquo;Helicobacter pylori sans antibiotiques, elle est distributrice agr\u00e9e de Pylopass du groupe Danois Novozymes.<\/p>\n<p style=\"text-align: left;\">Le produit phare \u00ab\u00a0VUBIQUE\u00a0\u00bb, produit par l&rsquo;usine fran\u00e7aise de laboratoire biologique Nat&rsquo;kaps est utilis\u00e9 \u00e0 \u00e9liminer l&rsquo;Helicobacter pylori \u00e0 l&rsquo;aide de souches brevet\u00e9es europ\u00e9ennes.<\/p>\n<p style=\"text-align: left;\">VUBIQUE c&rsquo;est la marque leader de l&rsquo;\u00e9limination non antibiotique d&rsquo;Helicobacter pylori.<\/p>\n<p style=\"text-align: left;\">VUBIQUE est une marque EUROP\u00c9ENNE, a \u00e9t\u00e9 d\u00e9pos\u00e9e et enregistr\u00e9e le 26\/08\/2020\u00a0 \u00a0sous r\u00e9f:\u00a0<strong>018238519<\/strong><\/p>\n<p style=\"text-align: left;\"><a href=\"https:\/\/euipo.europa.eu\/eSearch\/#details\/trademarks\/018238519\"><strong>https:\/\/euipo.europa.eu\/eSearch\/#details\/trademarks\/018238519<\/strong><\/a><\/p>\n<p style=\"text-align: left;\">\n<p style=\"text-align: left;\">VUBIQUE a \u00e9galement un bon effet sur r\u00e9cup\u00e9ration des maladies courantes du tractus gastro-intestinal, et a \u00e9t\u00e9 largement salu\u00e9 et reconnu par les consommateurs depuis 2020.\u00a0<\/p>\n<p>Chaque g\u00e9lule contient une quantit\u00e9 garantie de 200MG du Lactobacillus reuteri Pylopass\u2122.<\/p>\n<p>&nbsp;<\/p>\n<p style=\"text-align: left;\">VUBIQUE offre une nouvelle approche pour r\u00e9duire et contr\u00f4ler d\u2019Helicobacter pylori, et pr\u00e9venir en de plus de prot\u00e9ger contre les infections de l\u2019estomac et de l\u2019intestin.<\/p>\n<p><strong>Qu&rsquo;est-ce que le Lactobacillus reuteri Pylopass\u2122 ?<\/strong><\/p>\n<p style=\"text-align: left;\">Pylopass\u2122 est une souche inactiv\u00e9e de Lactobacillus reuteri.<br \/> Il est b\u00e9n\u00e9fique sur la sant\u00e9 gastro-intestinale et r\u00e9duit la contamination de Helicobacter pylori dans l\u2019estomac qui lui, est le premier facteur de risque des ulc\u00e8res &amp; gastrites.<\/p>\n<p>&nbsp;<\/p>\n<p>Source: <span style=\"color: #0c71c3;\"><a href=\"https:\/\/webzine.has-sante.fr\/jcms\/c_2911396\/fr\/helicobacter-pylori-recherche-et-traitement\" style=\"color: #0c71c3;\" class=\"broken_link\">https:\/\/webzine.has-sante.fr\/jcms\/c_2911396\/fr\/helicobacter-pylori-recherche-et-traitement<\/a><\/span><\/p>\n<h3><em>Helicobacter pylori<\/em>, de quoi parle-t-on ?<\/h3>\n<p style=\"text-align: left;\">Helicobacter pylori, ou\u00a0H. pylori, est une bact\u00e9rie fr\u00e9quente qui infecte la paroi interne de l\u2019estomac. Acquise principalement dans l\u2019enfance, l\u2019infection persiste toute la vie si elle n\u2019est pas trait\u00e9e. Cette infection entra\u00eene une inflammation de l\u2019estomac (gastrite) qui passe g\u00e9n\u00e9ralement inaper\u00e7ue. Cependant, elle peut provoquer des troubles digestifs (g\u00eane, douleurs). Parfois, avec le temps, elle peut \u00e9voluer vers un ulc\u00e8re, plaie plus ou moins profonde de la paroi de l\u2019estomac ou du duod\u00e9num, ou plus rarement vers un cancer de l\u2019estomac.<\/p>\n<p>&nbsp;<\/p>\n<p>[\/et_pb_text][et_pb_button button_url=\u00a0\u00bbhttps:\/\/vubique.com\/wp-content\/uploads\/2020\/04\/notice-4p.pdf\u00a0\u00bb url_new_window=\u00a0\u00bbon\u00a0\u00bb button_text=\u00a0\u00bbNOTICE D&rsquo;UTILISATION VUBIQUE\u00a0\u00bb button_alignment=\u00a0\u00bbcenter\u00a0\u00bb _builder_version=\u00a0\u00bb4.2.2&Prime;][\/et_pb_button][et_pb_button button_url=\u00a0\u00bbhttps:\/\/vubique.com\/wp-content\/uploads\/2020\/09\/contrat-VUBIQUE-2020-YU-DONGMING-scan.pdf\u00a0\u00bb url_new_window=\u00a0\u00bbon\u00a0\u00bb button_text=\u00a0\u00bbCONTRAT-DISTRIBUTION-EXCLUSIVE-MR YU DONG MING\u00a0\u00bb button_alignment=\u00a0\u00bbcenter\u00a0\u00bb _builder_version=\u00a0\u00bb4.2.2&Prime;][\/et_pb_button][\/et_pb_column][et_pb_column type=\u00a0\u00bb1_5&Prime; _builder_version=\u00a0\u00bb4.2.2&Prime;][\/et_pb_column][\/et_pb_row][et_pb_row admin_label=\u00a0\u00bbVIDEO\u00a0\u00bb _builder_version=\u00a0\u00bb4.2.2&Prime; min_height=\u00a0\u00bb897px\u00a0\u00bb custom_padding=\u00a0\u00bb||2px|||\u00a0\u00bb][et_pb_column type=\u00a0\u00bb4_4&Prime; _builder_version=\u00a0\u00bb4.2.2&Prime;][et_pb_video src=\u00a0\u00bbhttps:\/\/vubique.com\/wp-content\/uploads\/2020\/04\/Pylopass-\u82f1\u6587-OK-01-1.mp4&Prime; _builder_version=\u00a0\u00bb4.2.2&Prime; width=\u00a0\u00bb50%\u00a0\u00bb max_width=\u00a0\u00bb50%\u00a0\u00bb module_alignment=\u00a0\u00bbcenter\u00a0\u00bb][\/et_pb_video][et_pb_video src=\u00a0\u00bbhttps:\/\/vubique.com\/wp-content\/uploads\/2020\/04\/Pylopass-\u82f1\u6587-OK-02-1.mp4&Prime; _builder_version=\u00a0\u00bb4.2.2&Prime; width=\u00a0\u00bb50%\u00a0\u00bb max_width=\u00a0\u00bb50%\u00a0\u00bb module_alignment=\u00a0\u00bbcenter\u00a0\u00bb][\/et_pb_video][et_pb_video src=\u00a0\u00bbhttps:\/\/vubique.com\/wp-content\/uploads\/2020\/04\/Pylopass-\u82f1\u6587-OK-03.mp4&Prime; _builder_version=\u00a0\u00bb4.2.2&Prime; width=\u00a0\u00bb50%\u00a0\u00bb max_width=\u00a0\u00bb50%\u00a0\u00bb module_alignment=\u00a0\u00bbcenter\u00a0\u00bb][\/et_pb_video][\/et_pb_column][\/et_pb_row][et_pb_row _builder_version=\u00a0\u00bb4.2.2&Prime; min_height=\u00a0\u00bb361.3px\u00a0\u00bb custom_padding=\u00a0\u00bb|0px||0px||\u00a0\u00bb][et_pb_column type=\u00a0\u00bb4_4&Prime; _builder_version=\u00a0\u00bb4.2.2&Prime;][et_pb_image src=\u00a0\u00bbhttps:\/\/vubique.com\/wp-content\/uploads\/2020\/04\/AB-JPG.jpg\u00a0\u00bb url=\u00a0\u00bbhttps:\/\/vubique.com\/wp-content\/uploads\/2020\/03\/Certificat-AB.pdf\u00a0\u00bb url_new_window=\u00a0\u00bbon\u00a0\u00bb align=\u00a0\u00bbcenter\u00a0\u00bb _builder_version=\u00a0\u00bb4.2.2&Prime; custom_padding=\u00a0\u00bb|78px|0px|||\u00a0\u00bb][\/et_pb_image][et_pb_image src=\u00a0\u00bbhttps:\/\/vubique.com\/wp-content\/uploads\/2020\/03\/HACCP-300&#215;216.png\u00a0\u00bb url=\u00a0\u00bbhttps:\/\/vubique.com\/wp-content\/uploads\/2020\/03\/Attestation-HACCP.pdf\u00a0\u00bb url_new_window=\u00a0\u00bbon\u00a0\u00bb align=\u00a0\u00bbcenter\u00a0\u00bb _builder_version=\u00a0\u00bb4.2.2&Prime;][\/et_pb_image][et_pb_image src=\u00a0\u00bbhttps:\/\/vubique.com\/wp-content\/uploads\/2020\/03\/afnor-ok-300&#215;147.jpg\u00a0\u00bb url=\u00a0\u00bbhttps:\/\/vubique.com\/wp-content\/uploads\/2020\/03\/Attestation-HACCP.pdf\u00a0\u00bb url_new_window=\u00a0\u00bbon\u00a0\u00bb align=\u00a0\u00bbcenter\u00a0\u00bb _builder_version=\u00a0\u00bb4.2.2&Prime;][\/et_pb_image][\/et_pb_column][\/et_pb_row][\/et_pb_section][et_pb_section fb_built=\u00a0\u00bb1&Prime; admin_label=\u00a0\u00bbNOUS CONTACTER\u00a0\u00bb _builder_version=\u00a0\u00bb4.2.2&Prime; custom_padding=\u00a0\u00bb54px|0px|0px|0px\u00a0\u00bb][et_pb_row _builder_version=\u00a0\u00bb4.2.2&Prime; background_size=\u00a0\u00bbinitial\u00a0\u00bb background_position=\u00a0\u00bbtop_left\u00a0\u00bb background_repeat=\u00a0\u00bbrepeat\u00a0\u00bb custom_padding=\u00a0\u00bb|1016px||||\u00a0\u00bb ab_subject=\u00a0\u00bbon\u00a0\u00bb ab_subject_id=\u00a0\u00bb1&Prime;][et_pb_column type=\u00a0\u00bb4_4&Prime; _builder_version=\u00a0\u00bb3.25&Prime; custom_padding=\u00a0\u00bb|||\u00a0\u00bb custom_padding__hover=\u00a0\u00bb|||\u00a0\u00bb][et_pb_image _builder_version=\u00a0\u00bb4.2.2&Prime; width=\u00a0\u00bb66.4%\u00a0\u00bb custom_padding=\u00a0\u00bb|117px||117px||true\u00a0\u00bb ab_goal=\u00a0\u00bbon\u00a0\u00bb][\/et_pb_image][\/et_pb_column][\/et_pb_row][et_pb_row _builder_version=\u00a0\u00bb4.2.2&Prime;][et_pb_column type=\u00a0\u00bb4_4&Prime; _builder_version=\u00a0\u00bb4.2.2&Prime;][et_pb_text _builder_version=\u00a0\u00bb4.2.2&Prime;]<\/p>\n<h2><\/h2>\n<h2 style=\"text-align: center;\"><span color=\"#3366ff\" style=\"color: #3366ff;\">Mr YU DONG MING est notre distributeur officiel et exclusif en CHINE.<\/span><\/h2>\n<h2 style=\"text-align: center;\"><span>La fabrication de VUBIQUE continue,\u00a0 la vente \u00e0 l&rsquo;export\u00a0<\/span><span>continue.<\/span><\/h2>\n<p>[\/et_pb_text][\/et_pb_column][\/et_pb_row][et_pb_row make_equal=\u00a0\u00bbon\u00a0\u00bb _builder_version=\u00a0\u00bb4.2.2&Prime; width=\u00a0\u00bb94%\u00a0\u00bb max_width=\u00a0\u00bb2269px\u00a0\u00bb][et_pb_column type=\u00a0\u00bb4_4&Prime; _builder_version=\u00a0\u00bb4.2.2&Prime;][et_pb_text _builder_version=\u00a0\u00bb4.2.2&Prime;]<\/p>\n<h2 style=\"text-align: center;\"><strong>NOUS CONTACTER:\u00a0 \u00a0 \u00a0 \u00a0 \u00a0 \u00a0 \u00a0 \u00a0 \u00a0\u00a0<\/strong><strong><a href=\"mailto:vubique@vubique.com\" target=\"_top\" rel=\"noopener\">\u00a0vubique@vubique.com<\/a><\/strong><\/h2>\n<h2 style=\"text-align: center;\">\u00a0<\/h2>\n<p>[\/et_pb_text][\/et_pb_column][\/et_pb_row][et_pb_row _builder_version=\u00a0\u00bb4.2.2&Prime; background_size=\u00a0\u00bbinitial\u00a0\u00bb background_position=\u00a0\u00bbtop_left\u00a0\u00bb background_repeat=\u00a0\u00bbrepeat\u00a0\u00bb custom_padding=\u00a0\u00bb|1020px||||\u00a0\u00bb ab_subject=\u00a0\u00bbon\u00a0\u00bb ab_subject_id=\u00a0\u00bb3&Prime;][et_pb_column type=\u00a0\u00bb4_4&Prime; _builder_version=\u00a0\u00bb3.25&Prime; custom_padding=\u00a0\u00bb|||\u00a0\u00bb custom_padding__hover=\u00a0\u00bb|||\u00a0\u00bb][et_pb_image _builder_version=\u00a0\u00bb4.2.2&Prime; width=\u00a0\u00bb66.4%\u00a0\u00bb custom_padding=\u00a0\u00bb|117px||117px||true\u00a0\u00bb ab_goal=\u00a0\u00bbon\u00a0\u00bb][\/et_pb_image][\/et_pb_column][\/et_pb_row][et_pb_row _builder_version=\u00a0\u00bb4.2.2&Prime; background_size=\u00a0\u00bbinitial\u00a0\u00bb background_position=\u00a0\u00bbtop_left\u00a0\u00bb background_repeat=\u00a0\u00bbrepeat\u00a0\u00bb custom_padding=\u00a0\u00bb|1020px||||\u00a0\u00bb ab_subject=\u00a0\u00bbon\u00a0\u00bb ab_subject_id=\u00a0\u00bb2&Prime;][et_pb_column type=\u00a0\u00bb4_4&Prime; _builder_version=\u00a0\u00bb3.25&Prime; custom_padding=\u00a0\u00bb|||\u00a0\u00bb custom_padding__hover=\u00a0\u00bb|||\u00a0\u00bb][et_pb_image src=\u00a0\u00bbhttps:\/\/vubique.com\/wp-content\/uploads\/2020\/03\/DGCCRF.png\u00a0\u00bb _builder_version=\u00a0\u00bb4.2.2&Prime; ab_goal=\u00a0\u00bbon\u00a0\u00bb][\/et_pb_image][\/et_pb_column][\/et_pb_row][\/et_pb_section]<\/p>\n","protected":false},"excerpt":{"rendered":"<p>&nbsp; &nbsp; &nbsp;NOS PRODUITSVUBIQUE 30 G\u00c9LULES Traitement de 30 jours: pour pr\u00e9venir la contamination de Helicobacter Pylori dans l&rsquo;estomac. &nbsp; PRIX:\u00a0 50 \u20acVUBIQUE 90 G\u00c9LULES Traitement prolong\u00e9 de 90 jours:pour pr\u00e9venir la contamination de Helicobacter Pylori dans l&rsquo;estomac. PRIX: 150\u20ac\u200b\u00c0 PROPOS DE VUBIQUE\u2122 &nbsp; VUBIQUE est un compl\u00e9ment alimentaire sous forme de g\u00e9lule.\u00a0 VUBIQUE (sas [&hellip;]<\/p>\n","protected":false},"author":1,"featured_media":0,"parent":0,"menu_order":0,"comment_status":"closed","ping_status":"closed","template":"","meta":{"_et_pb_use_builder":"on","_et_pb_old_content":"","_et_gb_content_width":"","om_disable_all_campaigns":false,"_monsterinsights_skip_tracking":false,"_monsterinsights_sitenote_active":false,"_monsterinsights_sitenote_note":"","_monsterinsights_sitenote_category":0,"footnotes":""},"class_list":["post-200","page","type-page","status-publish","hentry"],"aioseo_notices":[],"_links":{"self":[{"href":"https:\/\/vubique.com\/index.php?rest_route=\/wp\/v2\/pages\/200","targetHints":{"allow":["GET"]}}],"collection":[{"href":"https:\/\/vubique.com\/index.php?rest_route=\/wp\/v2\/pages"}],"about":[{"href":"https:\/\/vubique.com\/index.php?rest_route=\/wp\/v2\/types\/page"}],"author":[{"embeddable":true,"href":"https:\/\/vubique.com\/index.php?rest_route=\/wp\/v2\/users\/1"}],"replies":[{"embeddable":true,"href":"https:\/\/vubique.com\/index.php?rest_route=%2Fwp%2Fv2%2Fcomments&post=200"}],"version-history":[{"count":131,"href":"https:\/\/vubique.com\/index.php?rest_route=\/wp\/v2\/pages\/200\/revisions"}],"predecessor-version":[{"id":32247,"href":"https:\/\/vubique.com\/index.php?rest_route=\/wp\/v2\/pages\/200\/revisions\/32247"}],"wp:attachment":[{"href":"https:\/\/vubique.com\/index.php?rest_route=%2Fwp%2Fv2%2Fmedia&parent=200"}],"curies":[{"name":"wp","href":"https:\/\/api.w.org\/{rel}","templated":true}]}}